{"id":6,"date":"2024-07-07T07:20:13","date_gmt":"2024-07-07T07:20:13","guid":{"rendered":"https:\/\/landaluze.musikaeskola.com\/?page_id=6"},"modified":"2024-09-11T14:40:15","modified_gmt":"2024-09-11T14:40:15","slug":"inicio","status":"publish","type":"page","link":"https:\/\/landaluze.musikaeskola.com\/es\/","title":{"rendered":"Inicio"},"content":{"rendered":"<p><\/p>\n<div id=\"carouselExampleAutoplaying\" class=\"carousel slide\" data-bs-ride=\"carousel\">\n<div class=\"carousel-inner\" style=\"max-height:420px !important;\">\n<div class=\"carousel-item active\">\n      <img decoding=\"async\" src=\"https:\/\/landaluze.musikaeskola.com\/wp-content\/uploads\/2024\/09\/instrumento-scaled.jpg\" class=\"d-block w-100\" alt=\"Landaluce Musika Eskola\"><\/p>\n<div class=\"carousel-caption d-none d-md-block\">\n<h1>LANDALUZE MUSIKA ESKOLA<\/h1>\n<\/p><\/div>\n<\/p><\/div>\n<div class=\"carousel-item\">\n      <img decoding=\"async\" src=\"https:\/\/musikaeskola.com\/wp-content\/uploads\/2024\/06\/000.jpg\" class=\"d-block w-100\" alt=\"...\"><\/p>\n<div class=\"carousel-caption d-none d-md-block mb-3\">\n<h3>LANDALUZE MUSIKAESKOLA ESKOLA \u00b7 LAUDIO<\/h3>\n<\/p><\/div>\n<\/p><\/div>\n<div class=\"carousel-item\">\n      <img decoding=\"async\" src=\"https:\/\/musikaeskola.com\/wp-content\/uploads\/2024\/06\/000.jpg\" class=\"d-block w-100\" alt=\"...\"><\/p>\n<div class=\"carousel-caption d-none d-md-block mb-3\">\n<h3>ESCUELA DE M\u00daSICA LANDALUZE \u00b7 LLODIO<\/h3>\n<\/p><\/div>\n<\/p><\/div>\n<\/p><\/div>\n<div class=\"text-center p-0 m-0\">\n<div class=\"row justify-content-center\">\n<div class=\"col-12 border bg-dark text-white p-3\">\n<h4 class=\"fw-bold\"><i class=\"bi bi-file-earmark-music pe-3\"><\/i>Matr\u00edcula abierta Curso 2024\/2025<\/h4>\n<\/p><\/div>\n<\/p><\/div>\n<\/p><\/div>\n<div class=\"container text-center p-4\">\n<div class=\"row\">\n<div class=\"col-lg-4 col-md-4 col-12 border\">\n<div class=\"service-wrapper\">\n<div class=\"service-icon-title-wrapper clearfix\">\n<div class=\"service-icon-wrap\"><\/div>\n<h4 class=\"service-title-wrap bg-primary p-1 text-white\"><i class=\"bi bi-file-earmark-music pe-2\"><\/i>TRADICI\u00d3N MUSICAL<\/h4>\n<\/p><\/div>\n<div class=\"service-content-wrap\">La tradici\u00f3n es un elemento de la cultura contempor\u00e1nea y la m\u00fasica forma parte del recurso cultural vasco de todos los tiempos. Desde                Musika Eskola queremos perpetuar esta tradici\u00f3n.<\/div>\n<\/p><\/div>\n<\/p><\/div>\n<div class=\"col-lg-4 col-md-4 col-12 border\">\n<div class=\"service-wrapper\">\n<div class=\"service-icon-title-wrapper clearfix\">\n<div class=\"service-icon-wrap\"><\/div>\n<h4 class=\"service-title-wrap bg-primary p-1 text-white\"><i class=\"bi bi-file-earmark-text pe-2\"><\/i>ENSE\u00d1ANZA REGLADA<\/h4>\n<\/p><\/div>\n<div class=\"service-content-wrap\">En Musika Eskola impartimos tanto ense\u00f1anza reglada como no reglada. Aceptamos alumnos a partir de los 4 a\u00f1os.<\/div>\n<\/p><\/div>\n<\/p><\/div>\n<div class=\"col-lg-4 col-md-4 col-12 border\">\n<div class=\"service-wrapper\">\n<div class=\"service-icon-title-wrapper clearfix\">\n<div class=\"service-icon-wrap\"><\/div>\n<h4 class=\"service-title-wrap bg-primary p-1 text-white\"><i class=\"bi bi-file-earmark-music-fill pe-2\"><\/i>PROFESORES TITULADOS<\/h4>\n<\/p><\/div>\n<div class=\"service-content-wrap\">La calidad del profesorado no es una opci\u00f3n, es una obligaci\u00f3n. Todos nuestros profesores est\u00e1n titulados en el \u00e1rea que imparten.<\/div>\n<\/p><\/div>\n<\/p><\/div>\n<\/p><\/div>\n<\/div>\n<div class=\"container bg-light text-center p-5\">\n<div class=\"row\">\n<h3 class=\"section-title\">ASIGNATURAS DESTACADAS<\/h3>\n<div class=\"section-description\">En Larrabetzu Musika Eskola y Musika Eskola Derio impartimos clases de la mayor\u00eda de los instrumentos musicales solicitados por los alumnos. Estos son los principales:<\/div>\n<div class=\"row justify-content-around\">\n<div class=\"col-lg-3 col-md-4 col-12\">\n<figure class=\"figure\">\n                  <img decoding=\"async\" src=\"https:\/\/musikaeskola.com\/wp-content\/uploads\/2024\/06\/bateria.jpg\" class=\"figure-img img-fluid rounded mt-3 border border-dark\" alt=\"ukelele\"><figcaption class=\"figure-caption\">BATER\u00cdA<\/figcaption><\/figure>\n<\/p><\/div>\n<div class=\"col-lg-3 col-md-4 col-12\">\n<figure class=\"figure\">\n                  <img decoding=\"async\" src=\"https:\/\/musikaeskola.com\/wp-content\/uploads\/2024\/06\/l-m.jpg\" class=\"figure-img img-fluid rounded mt-3 border border-dark\" alt=\"ukelele\"><figcaption class=\"figure-caption\">LENGUAJE MUSICAL<\/figcaption><\/figure>\n<\/p><\/div>\n<div class=\"col-lg-3 col-md-4 col-12\">\n<figure class=\"figure\">\n                  <img decoding=\"async\" src=\"https:\/\/musikaeskola.com\/wp-content\/uploads\/2024\/06\/iniciacion.jpg\" class=\"figure-img img-fluid rounded mt-3 border border-dark\" alt=\"ukelele\"><figcaption class=\"figure-caption\">INICIACI\u00d3N<\/figcaption><\/figure>\n<\/p><\/div>\n<div class=\"col-lg-3 col-md-4 col-12\">\n<figure class=\"figure\">\n                  <img decoding=\"async\" src=\"https:\/\/musikaeskola.com\/wp-content\/uploads\/2024\/06\/acordeon.jpg\" class=\"figure-img img-fluid rounded mt-3 border border-dark\" alt=\"ukelele\"><figcaption class=\"figure-caption\">ACORDE\u00d3N<\/figcaption><\/figure>\n<\/p><\/div>\n<\/p><\/div>\n<div class=\"col-lg-3 col-md-4 col-12\">\n<figure class=\"figure\">\n                  <img decoding=\"async\" src=\"https:\/\/musikaeskola.com\/wp-content\/uploads\/2024\/06\/ukelele.jpg\" class=\"figure-img img-fluid rounded mt-3 border border-dark\" alt=\"ukelele\"><figcaption class=\"figure-caption\">UKELELE<\/figcaption><\/figure>\n<\/p><\/div>\n<div class=\"col-lg-3 col-md-4 col-12\">\n<figure class=\"figure\">\n                  <img decoding=\"async\" src=\"https:\/\/musikaeskola.com\/wp-content\/uploads\/2024\/06\/violin.jpg\" class=\"figure-img img-fluid rounded mt-3 border border-dark\" alt=\"ukelele\"><figcaption class=\"figure-caption\">VIOL\u00cdN<\/figcaption><\/figure>\n<\/p><\/div>\n<div class=\"col-lg-3 col-md-4 col-12\">\n<figure class=\"figure\">\n                  <img decoding=\"async\" src=\"https:\/\/musikaeskola.com\/wp-content\/uploads\/2024\/06\/viola.jpg\" class=\"figure-img img-fluid rounded mt-3 border border-dark\" alt=\"ukelele\"><figcaption class=\"figure-caption\">VIOLA<\/figcaption><\/figure>\n<\/p><\/div>\n<div class=\"col-lg-3 col-md-4 col-12\">\n<figure class=\"figure\">\n                  <img decoding=\"async\" src=\"https:\/\/musikaeskola.com\/wp-content\/uploads\/2024\/06\/saxo.jpg\" class=\"figure-img img-fluid rounded mt-3 border border-dark\" alt=\"ukelele\"><figcaption class=\"figure-caption\">SAXOF\u00d3N<\/figcaption><\/figure>\n<\/p><\/div>\n<div class=\"col-lg-3 col-md-4 col-12\">\n<figure class=\"figure\">\n                  <img decoding=\"async\" src=\"https:\/\/musikaeskola.com\/wp-content\/uploads\/2024\/06\/piano.jpg\" class=\"figure-img img-fluid rounded mt-3 border border-dark\" alt=\"ukelele\"><figcaption class=\"figure-caption\">PIANO<\/figcaption><\/figure>\n<\/p><\/div>\n<div class=\"col-lg-3 col-md-4 col-12\">\n<figure class=\"figure\">\n                  <img decoding=\"async\" src=\"https:\/\/musikaeskola.com\/wp-content\/uploads\/2024\/06\/electrica.jpg\" class=\"figure-img img-fluid rounded mt-3 border border-dark\" alt=\"ukelele\"><figcaption class=\"figure-caption\">GUITARRA EL\u00c9CTRICA<\/figcaption><\/figure>\n<\/p><\/div>\n<div class=\"col-lg-3 col-md-4 col-12\">\n<figure class=\"figure\">\n                  <img decoding=\"async\" src=\"https:\/\/musikaeskola.com\/wp-content\/uploads\/2024\/06\/acustica.jpg\" class=\"figure-img img-fluid rounded mt-3 border border-dark\" alt=\"ukelele\"><figcaption class=\"figure-caption\">GUITARRA AC\u00daSTICA<\/figcaption><\/figure>\n<\/p><\/div>\n<div class=\"col-lg-3 col-md-4 col-12\">\n<figure class=\"figure\">\n                  <img decoding=\"async\" src=\"https:\/\/musikaeskola.com\/wp-content\/uploads\/2024\/06\/flauta.jpg\" class=\"figure-img img-fluid rounded mt-3 border border-dark\" alt=\"ukelele\"><figcaption class=\"figure-caption\">FLAUTA<\/figcaption><\/figure>\n<\/p><\/div>\n<\/p><\/div>\n<\/div>\n<div class=\"container bg-white text-center p-5\">\n<div class=\"row\">\n<h3 class=\"section-title\">NOTICIAS DE MUSIKA ESKOLA<\/h3>\n<div class=\"section-description mb-4\">Para estar al d\u00eda con los temas importantes de Landaluze Musika Eskola<\/div>\n<div style=\"clear:both;\"><\/div><div class=\"atw-show-posts atw-show-posts-filter-default\"><div class=\"atw-content-3-col atw-cf\" style=\"clear:left;\">\n    <article id=\"post-87\" class=\"atw-post post-87 post type-post status-publish format-standard has-post-thumbnail hentry category-landaluze\">\n        <header class=\"atw-entry-header\">\n                            <hgroup class=\"atw-entry-hdr\"><h2 class=\"atw-entry-title\">\n                        <a href=\"https:\/\/landaluze.musikaeskola.com\/es\/nuevos-instrumentos\/\"\n                           title=\"Permalink to Nuevos instrumentos este curso 2024\/2025\" rel=\"bookmark\">Nuevos instrumentos este curso 2024\/2025<\/a>\n                    <\/h2><\/hgroup>\n\n                                <div class=\"atw-entry-meta\">\n                    <div class=\"atw-entry-meta-icons\">\n                        <span class=\"entry-date\"><a href=\"https:\/\/landaluze.musikaeskola.com\/es\/nuevos-instrumentos\/\" title=\"11:51 11%327.\" rel=\"bookmark\"><time datetime=\"%2\" pubdate>11 de septiembre de 2024<\/time><\/a><\/span> <span class=\"by-author\"><span class=\"author vcard\"><a class=\"url fn n\" href=\"https:\/\/landaluze.musikaeskola.com\/es\/author\/diselan\/\" title=\"View all posts by admin\" rel=\"author\">admin<\/a><\/span><\/span>                    <\/div><!-- .atw-entry-meta-icons -->\n                <\/div><!-- .atw-entry-meta -->\n                        <\/header><!-- .atw-entry-header -->\n                    <div class=\"atw-entry-summary atw-cf\">\n                        <span class='atw-featured-image'><a\n                    href=\"https:\/\/landaluze.musikaeskola.com\/es\/nuevos-instrumentos\/\"><img loading=\"lazy\" decoding=\"async\" width=\"150\" height=\"150\" src=\"https:\/\/landaluze.musikaeskola.com\/wp-content\/uploads\/2024\/09\/grupo-instrumentos-musicales-150x150.jpg\" class=\"attachment-thumbnail size-thumbnail wp-post-image\" alt=\"\" srcset=\"https:\/\/landaluze.musikaeskola.com\/wp-content\/uploads\/2024\/09\/grupo-instrumentos-musicales-150x150.jpg 150w, https:\/\/landaluze.musikaeskola.com\/wp-content\/uploads\/2024\/09\/grupo-instrumentos-musicales-300x300.jpg 300w, https:\/\/landaluze.musikaeskola.com\/wp-content\/uploads\/2024\/09\/grupo-instrumentos-musicales.jpg 626w\" sizes=\"auto, (max-width: 150px) 100vw, 150px\" \/><\/a><\/span>\n        <p>Nuevos instrumentos este curso 2024\/2025 Desde Landaluze Musika eskola os [&hellip;]<\/p>\n            <\/div><!-- .atw-entry-summary -->\n            \n            <footer class=\"atw-entry-utility\">\n                <div class=\"atw-entry-meta-icons\">\n                                            <span class=\"cat-links\">\n<a href=\"https:\/\/landaluze.musikaeskola.com\/es\/category\/landaluze\/\" rel=\"category tag\">Landaluze<\/a>\t\t    <\/span>\n                                        <\/div><!-- .entry-meta-icons -->\n            <\/footer><!-- .atw-entry-utility -->\n                <\/article><!-- #post-87 -->\n\n    <\/div> <!-- atw-content-3-col -->\n<div class=\"atw-content-3-col atw-cf\">\n    <article id=\"post-69\" class=\"atw-post post-69 post type-post status-publish format-standard has-post-thumbnail hentry category-landaluze\">\n        <header class=\"atw-entry-header\">\n                            <hgroup class=\"atw-entry-hdr\"><h2 class=\"atw-entry-title\">\n                        <a href=\"https:\/\/landaluze.musikaeskola.com\/es\/noticia-2\/\"\n                           title=\"Permalink to Empieza el nuevo curso 2024-2025\" rel=\"bookmark\">Empieza el nuevo curso 2024-2025<\/a>\n                    <\/h2><\/hgroup>\n\n                                <div class=\"atw-entry-meta\">\n                    <div class=\"atw-entry-meta-icons\">\n                        <span class=\"entry-date\"><a href=\"https:\/\/landaluze.musikaeskola.com\/es\/noticia-2\/\" title=\"11:01 11%357.\" rel=\"bookmark\"><time datetime=\"%2\" pubdate>08 de septiembre de 2024<\/time><\/a><\/span> <span class=\"by-author\"><span class=\"author vcard\"><a class=\"url fn n\" href=\"https:\/\/landaluze.musikaeskola.com\/es\/author\/diselan\/\" title=\"View all posts by admin\" rel=\"author\">admin<\/a><\/span><\/span>                    <\/div><!-- .atw-entry-meta-icons -->\n                <\/div><!-- .atw-entry-meta -->\n                        <\/header><!-- .atw-entry-header -->\n                    <div class=\"atw-entry-summary atw-cf\">\n                        <span class='atw-featured-image'><a\n                    href=\"https:\/\/landaluze.musikaeskola.com\/es\/noticia-2\/\"><img loading=\"lazy\" decoding=\"async\" width=\"150\" height=\"150\" src=\"https:\/\/landaluze.musikaeskola.com\/wp-content\/uploads\/2024\/09\/albiste01-150x150.jpg\" class=\"attachment-thumbnail size-thumbnail wp-post-image\" alt=\"\" \/><\/a><\/span>\n        <p>Empieza el nuevo curso 2024-2025 Damos comienzo al nuevo curso [&hellip;]<\/p>\n            <\/div><!-- .atw-entry-summary -->\n            \n            <footer class=\"atw-entry-utility\">\n                <div class=\"atw-entry-meta-icons\">\n                                            <span class=\"cat-links\">\n<a href=\"https:\/\/landaluze.musikaeskola.com\/es\/category\/landaluze\/\" rel=\"category tag\">Landaluze<\/a>\t\t    <\/span>\n                                        <\/div><!-- .entry-meta-icons -->\n            <\/footer><!-- .atw-entry-utility -->\n                <\/article><!-- #post-69 -->\n\n    <\/div> <!-- atw-content-3-col -->\n<div class=\"atw-content-3-col atw-cf\">\n    <article id=\"post-1\" class=\"atw-post post-1 post type-post status-publish format-standard has-post-thumbnail hentry category-landaluze\">\n        <header class=\"atw-entry-header\">\n                            <hgroup class=\"atw-entry-hdr\"><h2 class=\"atw-entry-title\">\n                        <a href=\"https:\/\/landaluze.musikaeskola.com\/es\/landaluze-musika-eskola\/\"\n                           title=\"Permalink to Inscripci\u00f3n 2023 \/ 2024\" rel=\"bookmark\">Inscripci\u00f3n 2023 \/ 2024<\/a>\n                    <\/h2><\/hgroup>\n\n                                <div class=\"atw-entry-meta\">\n                    <div class=\"atw-entry-meta-icons\">\n                        <span class=\"entry-date\"><a href=\"https:\/\/landaluze.musikaeskola.com\/es\/landaluze-musika-eskola\/\" title=\"07:16 07%304.\" rel=\"bookmark\"><time datetime=\"%2\" pubdate>07 de julio de 2024<\/time><\/a><\/span> <span class=\"by-author\"><span class=\"author vcard\"><a class=\"url fn n\" href=\"https:\/\/landaluze.musikaeskola.com\/es\/author\/diselan\/\" title=\"View all posts by admin\" rel=\"author\">admin<\/a><\/span><\/span>                    <\/div><!-- .atw-entry-meta-icons -->\n                <\/div><!-- .atw-entry-meta -->\n                        <\/header><!-- .atw-entry-header -->\n                    <div class=\"atw-entry-summary atw-cf\">\n                        <span class='atw-featured-image'><a\n                    href=\"https:\/\/landaluze.musikaeskola.com\/es\/landaluze-musika-eskola\/\"><img loading=\"lazy\" decoding=\"async\" width=\"150\" height=\"150\" src=\"https:\/\/landaluze.musikaeskola.com\/wp-content\/uploads\/2024\/07\/IMG-20240624-WA0005-150x150.jpg\" class=\"attachment-thumbnail size-thumbnail wp-post-image\" alt=\"\" srcset=\"https:\/\/landaluze.musikaeskola.com\/wp-content\/uploads\/2024\/07\/IMG-20240624-WA0005-150x150.jpg 150w, https:\/\/landaluze.musikaeskola.com\/wp-content\/uploads\/2024\/07\/IMG-20240624-WA0005-300x300.jpg 300w, https:\/\/landaluze.musikaeskola.com\/wp-content\/uploads\/2024\/07\/IMG-20240624-WA0005.jpg 640w\" sizes=\"auto, (max-width: 150px) 100vw, 150px\" \/><\/a><\/span>\n        <p>Inscripci\u00f3n curso 2024\/2025 Se abre el plazo de inscripci\u00f3n para [&hellip;]<\/p>\n            <\/div><!-- .atw-entry-summary -->\n            \n            <footer class=\"atw-entry-utility\">\n                <div class=\"atw-entry-meta-icons\">\n                                            <span class=\"cat-links\">\n<a href=\"https:\/\/landaluze.musikaeskola.com\/es\/category\/landaluze\/\" rel=\"category tag\">Landaluze<\/a>\t\t    <\/span>\n                                        <\/div><!-- .entry-meta-icons -->\n            <\/footer><!-- .atw-entry-utility -->\n                <\/article><!-- #post-1 -->\n\n    <\/div> <!-- atw-content-3-col -->\n<\/div><!-- show_posts -->\n<\/div>\n<\/p><\/div>\n<\/div>\n<p><\/p>","protected":false},"excerpt":{"rendered":"<p>LANDALUZE MUSIKA ESKOLA LANDALUZE MUSIKAESKOLA ESKOLA \u00b7 LAUDIO ESCUELA DE M\u00daSICA LANDALUZE \u00b7 LLODIO Matr\u00edcula abierta Curso 2024\/2025 TRADICI\u00d3N MUSICAL La tradici\u00f3n es un elemento de la cultura contempor\u00e1nea y la m\u00fasica forma parte del recurso cultural vasco de todos los tiempos. Desde Musika Eskola queremos perpetuar esta tradici\u00f3n. ENSE\u00d1ANZA REGLADA En Musika Eskola impartimos [&hellip;]<\/p>\n","protected":false},"author":1,"featured_media":0,"parent":0,"menu_order":0,"comment_status":"closed","ping_status":"closed","template":"page-templates\/page-blank.php","meta":{"footnotes":""},"class_list":["post-6","page","type-page","status-publish","hentry"],"_links":{"self":[{"href":"https:\/\/landaluze.musikaeskola.com\/es\/wp-json\/wp\/v2\/pages\/6","targetHints":{"allow":["GET"]}}],"collection":[{"href":"https:\/\/landaluze.musikaeskola.com\/es\/wp-json\/wp\/v2\/pages"}],"about":[{"href":"https:\/\/landaluze.musikaeskola.com\/es\/wp-json\/wp\/v2\/types\/page"}],"author":[{"embeddable":true,"href":"https:\/\/landaluze.musikaeskola.com\/es\/wp-json\/wp\/v2\/users\/1"}],"replies":[{"embeddable":true,"href":"https:\/\/landaluze.musikaeskola.com\/es\/wp-json\/wp\/v2\/comments?post=6"}],"version-history":[{"count":28,"href":"https:\/\/landaluze.musikaeskola.com\/es\/wp-json\/wp\/v2\/pages\/6\/revisions"}],"predecessor-version":[{"id":100,"href":"https:\/\/landaluze.musikaeskola.com\/es\/wp-json\/wp\/v2\/pages\/6\/revisions\/100"}],"wp:attachment":[{"href":"https:\/\/landaluze.musikaeskola.com\/es\/wp-json\/wp\/v2\/media?parent=6"}],"curies":[{"name":"wp","href":"https:\/\/api.w.org\/{rel}","templated":true}]}}